{"id":23,"date":"2023-09-10T12:57:05","date_gmt":"2023-09-10T10:57:05","guid":{"rendered":"https:\/\/leconseildujour.fr\/?page_id=23"},"modified":"2024-08-27T12:51:09","modified_gmt":"2024-08-27T10:51:09","slug":"a-propos","status":"publish","type":"page","link":"https:\/\/leconseildujour.fr\/?page_id=23","title":{"rendered":"A propos"},"content":{"rendered":"\n<p><\/p>\n\n\n\n<p class=\"has-black-color has-text-color\">Comment arr\u00eater de stresser ?<br>Comment demander une augmentation \u00e0 son travail ?<br>Que faut-il faire apr\u00e8s un entretien d\u2019embauche ?<br>Comment faire une pizza ?<br>Comment transformer un ami en sex friend ?<br>Que faire \u00e0 Toulouse en famille ?<br><br>Toutes ces r\u00e9ponses et bien plus, c\u2019est sur <strong><a href=\"https:\/\/leconseildujour.fr\/\" target=\"_blank\" rel=\"noopener\" title=\"\">Le Conseil Du Jour<\/a><\/strong> !<br><br><br>Le conseil du jour, c\u2019est le site qui regroupe <a href=\"https:\/\/leconseildujour.fr\/?page_id=17\" target=\"_blank\" rel=\"noopener\" title=\"\">plusieurs conseils dans de tr\u00e8s nombreux domaines<\/a> : l\u2019amour, le sexe, l&#8217;\u00e9cole, la vie professionnelle, le bricolage, la cuisine, le tourisme, la sant\u00e9, le monde juridique\u2026<br><br><br><\/p>\n\n\n\n<p class=\"has-black-color has-text-color\">Chaque article est constitu\u00e9 de :<\/p>\n\n\n\n<ul>\n<li><strong>Plusieurs astuces en rapport avec le conseil du jour<\/strong><\/li>\n<\/ul>\n\n\n\n<ul>\n<li><strong>Pour en savoir plus : Des liens vers des articles plus approfondis afin d\u2019en savoir davantage sur le sujet, des liens vers des vid\u00e9os inspirantes\u2026<\/strong><\/li>\n<\/ul>\n\n\n\n<p class=\"has-black-color has-text-color\"><br><br><br>Chaque jour \u00e0 9h, du lundi au vendredi, un nouveau conseil sera publi\u00e9 sur notre site.<br><br><br>Voici ce qui vous attend chaque semaine :<br><br><strong>Chaque lundi<br><\/strong>La vie quotidienne (le bricolage, la sant\u00e9, le domaine juridique\u2026)<br><br><strong>Chaque mardi<\/strong><br>L\u2019\u00e9cole ou la vie professionnelle (les candidatures et entretiens, le travail)<br><br><strong>Chaque mercredi<\/strong><br>La cuisine<br><br><strong>Chaque jeudi<br><\/strong>L\u2019amour ou le sexe<br><br><strong>Chaque vendredi<br><\/strong>Le tourisme<br><br><br><br>Pas de conseil in\u00e9dit le week-end, mais nous envoyons <a href=\"https:\/\/leconseildujour.fr\/?page_id=21\" target=\"_blank\" rel=\"noopener\" title=\"\">une newsletter<\/a> chaque dimanche avec tous les conseils de la semaine.<br><br><br>Si vous avez des questions, des suggestions \u00e0 apporter, un conseil \u00e0 demander, envoyez-nous un message \u00e0 <a href=\"mailto:leconseildujour@gmail.com\"><\/a><a href=\"mailto:1Conseil1jour@gmail.com\">1Conseil1jour@gmail.com<\/a> ou utilisez <a href=\"https:\/\/leconseildujour.fr\/?page_id=25\" target=\"_blank\" rel=\"noopener\" title=\"\">le formulaire de contact<\/a><br><br><br>Vous pouvez nous suivre sur les r\u00e9seaux sociaux : <a href=\"https:\/\/www.facebook.com\/profile.php?id=61551256345470\" target=\"_blank\" rel=\"noopener\" title=\"\">Facebook<\/a>, <a href=\"https:\/\/twitter.com\/ConseilDuJour_\" target=\"_blank\" rel=\"noopener\" title=\"\">Twitter<\/a>, <a href=\"https:\/\/www.instagram.com\/le_conseil_du_jour\/\" target=\"_blank\" rel=\"noopener\" title=\"\">Instagram<\/a>\u00a0<\/p>\n","protected":false},"excerpt":{"rendered":"<p>Comment arr\u00eater de stresser ?Comment demander une augmentation \u00e0 son travail ?Que faut-il faire apr\u00e8s un entretien d\u2019embauche ?Comment faire une pizza ?Comment transformer un ami en sex friend ?Que faire \u00e0 Toulouse en famille ? Toutes ces r\u00e9ponses et bien plus, c\u2019est sur Le Conseil Du Jour ! Le conseil du jour, c\u2019est le [&hellip;]<\/p>\n","protected":false},"author":1,"featured_media":0,"parent":0,"menu_order":0,"comment_status":"closed","ping_status":"closed","template":"","meta":{"om_disable_all_campaigns":false,"_monsterinsights_skip_tracking":false,"_monsterinsights_sitenote_active":false,"_monsterinsights_sitenote_note":"","_monsterinsights_sitenote_category":0,"footnotes":""},"aioseo_notices":[],"_links":{"self":[{"href":"https:\/\/leconseildujour.fr\/index.php?rest_route=\/wp\/v2\/pages\/23"}],"collection":[{"href":"https:\/\/leconseildujour.fr\/index.php?rest_route=\/wp\/v2\/pages"}],"about":[{"href":"https:\/\/leconseildujour.fr\/index.php?rest_route=\/wp\/v2\/types\/page"}],"author":[{"embeddable":true,"href":"https:\/\/leconseildujour.fr\/index.php?rest_route=\/wp\/v2\/users\/1"}],"replies":[{"embeddable":true,"href":"https:\/\/leconseildujour.fr\/index.php?rest_route=%2Fwp%2Fv2%2Fcomments&post=23"}],"version-history":[{"count":47,"href":"https:\/\/leconseildujour.fr\/index.php?rest_route=\/wp\/v2\/pages\/23\/revisions"}],"predecessor-version":[{"id":220,"href":"https:\/\/leconseildujour.fr\/index.php?rest_route=\/wp\/v2\/pages\/23\/revisions\/220"}],"wp:attachment":[{"href":"https:\/\/leconseildujour.fr\/index.php?rest_route=%2Fwp%2Fv2%2Fmedia&parent=23"}],"curies":[{"name":"wp","href":"https:\/\/api.w.org\/{rel}","templated":true}]}}