{"id":21,"date":"2023-09-10T12:56:44","date_gmt":"2023-09-10T10:56:44","guid":{"rendered":"https:\/\/leconseildujour.fr\/?page_id=21"},"modified":"2024-08-24T17:30:50","modified_gmt":"2024-08-24T15:30:50","slug":"newsletter","status":"publish","type":"page","link":"https:\/\/leconseildujour.fr\/?page_id=21","title":{"rendered":"Newsletter"},"content":{"rendered":"\n<p class=\"has-black-color has-text-color\">Chaque dimanche, nous envoyons une newsletter qui regroupe les <strong>5 conseils de la semaine, accompagn\u00e9 d\u2019un conseil choisi au hasard parmi nos anciens conseils<\/strong>.<br><br>Si vous avez envi d\u2019\u00eatre abonn\u00e9 \u00e0 notre newsletter, remplissez le formulaire ci-dessous<\/p>\n\n\n\n<p><\/p>\n\n\n\t\t<div class='wp-block-mcb-mailchimp  align' id='mcbMailChimp-34442a60-4' data-attributes='{&quot;cId&quot;:&quot;34442a60-4&quot;,&quot;config&quot;:{&quot;apiKey&quot;:&quot;&quot;,&quot;audienceId&quot;:&quot;16be0f61d0&quot;},&quot;elements&quot;:{&quot;title&quot;:true,&quot;desc&quot;:false,&quot;fName&quot;:true,&quot;lName&quot;:true,&quot;icon&quot;:true},&quot;content&quot;:{&quot;title&quot;:&quot;Inscription \\u00e0 la newsletter&quot;,&quot;desc&quot;:&quot;&quot;,&quot;button&quot;:&quot;Subscribe&quot;},&quot;align&quot;:&quot;&quot;,&quot;message&quot;:{&quot;success&quot;:&quot;Subscribe Success&quot;,&quot;error&quot;:&quot;Member Already Exists&quot;},&quot;placeholder&quot;:{&quot;fName&quot;:&quot;First Name&quot;,&quot;lName&quot;:&quot;Last Name&quot;,&quot;email&quot;:&quot;Email&quot;},&quot;theme&quot;:&quot;default&quot;,&quot;icon&quot;:{&quot;color&quot;:&quot;#000&quot;,&quot;size&quot;:&quot;&quot;},&quot;iconBG&quot;:{&quot;color&quot;:&quot;#0575e6&quot;},&quot;titleTypo&quot;:{&quot;fontSize&quot;:{&quot;desktop&quot;:24,&quot;tablet&quot;:18,&quot;mobile&quot;:15},&quot;fontWeight&quot;:700,&quot;lineHeight&quot;:&quot;135%&quot;,&quot;textTransform&quot;:&quot;capitalize&quot;},&quot;titleColor&quot;:&quot;#000&quot;,&quot;descTypo&quot;:{&quot;fontSize&quot;:{&quot;desktop&quot;:17,&quot;tablet&quot;:15,&quot;mobile&quot;:15},&quot;fontWeight&quot;:400,&quot;lineHeight&quot;:&quot;135%&quot;,&quot;textTransform&quot;:&quot;capitalize&quot;},&quot;descColor&quot;:&quot;#000&quot;,&quot;formBG&quot;:{&quot;color&quot;:&quot;#d3cfcf42&quot;},&quot;formPadding&quot;:{&quot;top&quot;:&quot;20px&quot;,&quot;right&quot;:&quot;20px&quot;,&quot;bottom&quot;:&quot;20px&quot;,&quot;left&quot;:&quot;20px&quot;},&quot;formBorder&quot;:{&quot;width&quot;:&quot;0px&quot;,&quot;style&quot;:&quot;solid&quot;,&quot;color&quot;:&quot;#0575e6&quot;,&quot;side&quot;:&quot;all&quot;,&quot;radius&quot;:&quot;5px&quot;},&quot;fieldTypo&quot;:{&quot;fontSize&quot;:{&quot;desktop&quot;:16,&quot;tablet&quot;:15,&quot;mobile&quot;:15},&quot;fontWeight&quot;:400,&quot;lineHeight&quot;:&quot;135%&quot;},&quot;fieldColors&quot;:{&quot;color&quot;:&quot;#302c2c&quot;,&quot;bg&quot;:&quot;#f5f7fa&quot;},&quot;fieldPadding&quot;:{&quot;top&quot;:&quot;2px&quot;,&quot;right&quot;:&quot;13px&quot;,&quot;bottom&quot;:&quot;2px&quot;,&quot;left&quot;:&quot;13px&quot;},&quot;fieldBorder&quot;:{&quot;radius&quot;:&quot;5px&quot;},&quot;fieldMargin&quot;:{&quot;top&quot;:&quot;0px&quot;,&quot;right&quot;:&quot;0px&quot;,&quot;bottom&quot;:&quot;10px&quot;,&quot;left&quot;:&quot;0px&quot;},&quot;btnTypo&quot;:{&quot;fontSize&quot;:{&quot;desktop&quot;:18,&quot;tablet&quot;:15,&quot;mobile&quot;:15},&quot;fontWeight&quot;:400,&quot;lineHeight&quot;:&quot;135%&quot;},&quot;btnColors&quot;:{&quot;color&quot;:&quot;#fff&quot;,&quot;bg&quot;:&quot;#2355f2&quot;},&quot;btnHovColors&quot;:{&quot;color&quot;:&quot;#fff&quot;,&quot;bg&quot;:&quot;##2355f2&quot;},&quot;btnPadding&quot;:{&quot;top&quot;:&quot;9px&quot;,&quot;right&quot;:&quot;20px&quot;,&quot;bottom&quot;:&quot;9px&quot;,&quot;left&quot;:&quot;20px&quot;},&quot;btnBorder&quot;:{&quot;radius&quot;:&quot;5px&quot;},&quot;messageTypo&quot;:{&quot;fontSize&quot;:{&quot;desktop&quot;:18,&quot;tablet&quot;:15,&quot;mobile&quot;:15},&quot;fontWeight&quot;:400,&quot;lineHeight&quot;:&quot;135%&quot;},&quot;messageColors&quot;:{&quot;success&quot;:&quot;#228323&quot;,&quot;error&quot;:&quot;#f70000&quot;}}' data-mcbInfo='{&quot;key&quot;:&quot;c3d00b0968eb196799358b5f8d6dab20-us12&quot;}'><\/div>\n\n\t\t\n\n\n<p><\/p>\n","protected":false},"excerpt":{"rendered":"<p>Chaque dimanche, nous envoyons une newsletter qui regroupe les 5 conseils de la semaine, accompagn\u00e9 d\u2019un conseil choisi au hasard parmi nos anciens conseils. Si vous avez envi d\u2019\u00eatre abonn\u00e9 \u00e0 notre newsletter, remplissez le formulaire ci-dessous<\/p>\n","protected":false},"author":1,"featured_media":0,"parent":0,"menu_order":0,"comment_status":"closed","ping_status":"closed","template":"","meta":{"om_disable_all_campaigns":false,"_monsterinsights_skip_tracking":false,"_monsterinsights_sitenote_active":false,"_monsterinsights_sitenote_note":"","_monsterinsights_sitenote_category":0,"footnotes":""},"aioseo_notices":[],"_links":{"self":[{"href":"https:\/\/leconseildujour.fr\/index.php?rest_route=\/wp\/v2\/pages\/21"}],"collection":[{"href":"https:\/\/leconseildujour.fr\/index.php?rest_route=\/wp\/v2\/pages"}],"about":[{"href":"https:\/\/leconseildujour.fr\/index.php?rest_route=\/wp\/v2\/types\/page"}],"author":[{"embeddable":true,"href":"https:\/\/leconseildujour.fr\/index.php?rest_route=\/wp\/v2\/users\/1"}],"replies":[{"embeddable":true,"href":"https:\/\/leconseildujour.fr\/index.php?rest_route=%2Fwp%2Fv2%2Fcomments&post=21"}],"version-history":[{"count":18,"href":"https:\/\/leconseildujour.fr\/index.php?rest_route=\/wp\/v2\/pages\/21\/revisions"}],"predecessor-version":[{"id":217,"href":"https:\/\/leconseildujour.fr\/index.php?rest_route=\/wp\/v2\/pages\/21\/revisions\/217"}],"wp:attachment":[{"href":"https:\/\/leconseildujour.fr\/index.php?rest_route=%2Fwp%2Fv2%2Fmedia&parent=21"}],"curies":[{"name":"wp","href":"https:\/\/api.w.org\/{rel}","templated":true}]}}