{"id":144,"date":"2024-08-24T16:31:39","date_gmt":"2024-08-24T14:31:39","guid":{"rendered":"https:\/\/leconseildujour.fr\/?page_id=144"},"modified":"2024-08-24T17:24:16","modified_gmt":"2024-08-24T15:24:16","slug":"accueil","status":"publish","type":"page","link":"https:\/\/leconseildujour.fr\/","title":{"rendered":"Accueil"},"content":{"rendered":"\n<p>Bienvenue sur <strong>Le Conseil Du Jour !<\/strong><\/p>\n\n\n\n<p><\/p>\n\n\n\n<p>Retrouvez ci-dessous tous nos conseils r\u00e9partis dans les diff\u00e9rentes cat\u00e9gories : amour et sexe, \u00e9cole et vie professionnelle, cuisine, tourisme, vie quotidienne !<\/p>\n","protected":false},"excerpt":{"rendered":"<p>Bienvenue sur Le Conseil Du Jour ! Retrouvez ci-dessous tous nos conseils r\u00e9partis dans les diff\u00e9rentes cat\u00e9gories : amour et sexe, \u00e9cole et vie professionnelle, cuisine, tourisme, vie quotidienne !<\/p>\n","protected":false},"author":1,"featured_media":0,"parent":0,"menu_order":0,"comment_status":"closed","ping_status":"closed","template":"","meta":{"om_disable_all_campaigns":false,"_monsterinsights_skip_tracking":false,"_monsterinsights_sitenote_active":false,"_monsterinsights_sitenote_note":"","_monsterinsights_sitenote_category":0,"footnotes":""},"aioseo_notices":[],"_links":{"self":[{"href":"https:\/\/leconseildujour.fr\/index.php?rest_route=\/wp\/v2\/pages\/144"}],"collection":[{"href":"https:\/\/leconseildujour.fr\/index.php?rest_route=\/wp\/v2\/pages"}],"about":[{"href":"https:\/\/leconseildujour.fr\/index.php?rest_route=\/wp\/v2\/types\/page"}],"author":[{"embeddable":true,"href":"https:\/\/leconseildujour.fr\/index.php?rest_route=\/wp\/v2\/users\/1"}],"replies":[{"embeddable":true,"href":"https:\/\/leconseildujour.fr\/index.php?rest_route=%2Fwp%2Fv2%2Fcomments&post=144"}],"version-history":[{"count":8,"href":"https:\/\/leconseildujour.fr\/index.php?rest_route=\/wp\/v2\/pages\/144\/revisions"}],"predecessor-version":[{"id":214,"href":"https:\/\/leconseildujour.fr\/index.php?rest_route=\/wp\/v2\/pages\/144\/revisions\/214"}],"wp:attachment":[{"href":"https:\/\/leconseildujour.fr\/index.php?rest_route=%2Fwp%2Fv2%2Fmedia&parent=144"}],"curies":[{"name":"wp","href":"https:\/\/api.w.org\/{rel}","templated":true}]}}